{"id":893,"date":"2025-11-27T17:33:04","date_gmt":"2025-11-27T17:33:04","guid":{"rendered":"https:\/\/www.paolauberti.com\/?page_id=893"},"modified":"2025-11-27T17:33:04","modified_gmt":"2025-11-27T17:33:04","slug":"servizi-per-brand-food-beverage-paola-uberti-creative-food-designer","status":"publish","type":"page","link":"https:\/\/www.paolauberti.com\/index.php\/servizi-per-brand-food-beverage-paola-uberti-creative-food-designer\/","title":{"rendered":"Servizi per brand food &#038; beverage"},"content":{"rendered":"<h1>Servizi per brand food &amp; beverage<\/h1>\n<p><strong>Lavoro con aziende, produttori e consorzi del settore enogastronomico per creare progetti che uniscono creativit\u00e0, cultura del cibo e comunicazione digitale.<\/strong><\/p>\n<p>Di seguito una panoramica dei servizi professionali che posso sviluppare per il vostro brand.<\/p>\n<h2>Content creation per il settore food<\/h2>\n<p>Sviluppo contenuti originali, pensati per <strong>valorizzare i prodotti<\/strong> e raccontare la loro <strong>identit\u00e0<\/strong>.<\/p>\n<p>Mi occupo di:<\/p>\n<ul>\n<li>Ricette e ricettari digitali e cartacei, originali e studiati per parlare dei vostri prodotti<\/li>\n<li>Writing gastronomico e testi editoriali<\/li>\n<li>Shooting fotografici food &amp; beverage<\/li>\n<li>Contenuti per sito, social, blog e newsletter<\/li>\n<\/ul>\n<p>Ogni contenuto \u00e8 studiato sulla base delle esigenze del Cliente, ottimizzato per l&#8217;efficacia ed \u00e8 coerente con stile, tono di voce e identit\u00e0 visiva del brand, a supporto del comparto marketing.<\/p>\n<h2>Social media per aziende food<\/h2>\n<p>Supporto produttori e aziende nella gestione e progettazione dei loro canali social.<\/p>\n<p>Attivit\u00e0:<\/p>\n<ul>\n<li>Piano editoriale strategico<\/li>\n<li>Creazione contenuti<\/li>\n<li>Format grafici e copywriting<\/li>\n<li>Gestione operativa dei profili<\/li>\n<li>Inserzioni sponsorizzate (strategia, pianificazione, gestione, analisi)<\/li>\n<\/ul>\n<p>Strategia, estetica e storytelling si uniscono per costruire una presenza digitale solida.<\/p>\n<h2>Visual Identity, Packaging &amp; Brand Design per il settore food<\/h2>\n<p>Supporto aziende, produttori, realt\u00e0 artigianali e consorzi nella <strong>progettazione<\/strong> o nel <strong>restyling<\/strong> della propria <strong>identit\u00e0 visiva<\/strong>, con un approccio dedicato al mondo del cibo e delle bevande: estetica, funzionalit\u00e0 e storytelling si incontrano per creare un\u2019immagine coerente, riconoscibile e professionale.<\/p>\n<h2>Ricettari digitali &amp; progetti editoriali<\/h2>\n<p>Progetto e realizzo <strong>ricettari digitali<\/strong> per brand food &amp; beverage, curando ogni fase:<\/p>\n<ul>\n<li>Concept di progetto<\/li>\n<li>Ricette originali<\/li>\n<li>Testi editoriali<\/li>\n<li>Food photography<\/li>\n<li>Impaginazione e layout<\/li>\n<\/ul>\n<p>Ideale per produttori e consorzi che desiderano un <strong>contenuto di valore duraturo<\/strong> e uno strumento di <strong>comunicazione<\/strong> e <strong>marketing<\/strong> efficace.<\/p>\n<h2>Visual identity per progetti food<\/h2>\n<p>Supporto nella definizione dell\u2019<strong>identit\u00e0 visiva<\/strong> per campagne e progetti:<\/p>\n<ul>\n<li>Moodboard<\/li>\n<li>Palette colori<\/li>\n<li>Stile fotografico<\/li>\n<li>Linee guida visive<\/li>\n<\/ul>\n<p>Una comunicazione coerente e riconoscibile, in ottica brand.<\/p>\n<h2>Preventivi gratuiti<\/h2>\n<p>Per identificare i servizi pi\u00f9 adatti al vostro brand, vi invito a contattarmi all&#8217;indirizzo <strong><a href=\"mailto:info@libricette.eu\" target=\"_blank\" rel=\"noopener\">info@libricette.eu<\/a><\/strong><\/p>\n","protected":false},"excerpt":{"rendered":"<p>Servizi per brand food &amp; beverage Lavoro con aziende, produttori e consorzi del settore enogastronomico per creare progetti che uniscono creativit\u00e0, cultura del cibo e comunicazione digitale. Di seguito una panoramica dei servizi professionali che posso sviluppare per il vostro brand. Content creation per il settore food Sviluppo contenuti originali, &hellip; <\/p>\n","protected":false},"author":1,"featured_media":0,"parent":0,"menu_order":0,"comment_status":"closed","ping_status":"closed","template":"","meta":{"footnotes":""},"class_list":["post-893","page","type-page","status-publish","hentry","latest_post"],"yoast_head":"<!-- This site is optimized with the Yoast SEO plugin v26.4 - https:\/\/yoast.com\/wordpress\/plugins\/seo\/ -->\r\n<title>Servizi per brand food &amp; beverage - Paola Uberti - Creativa Digitale Food<\/title>\r\n<meta name=\"description\" content=\"Servizi professionali per brand food: content creation, ricettari digitali, social media, packaging, visual identity e progetti editoriali. Torino.\" \/>\r\n<meta name=\"robots\" content=\"index, follow, max-snippet:-1, max-image-preview:large, max-video-preview:-1\" \/>\r\n<link rel=\"canonical\" href=\"https:\/\/www.paolauberti.com\/index.php\/servizi-per-brand-food-beverage-paola-uberti-creative-food-designer\/\" \/>\r\n<meta property=\"og:locale\" content=\"it_IT\" \/>\r\n<meta property=\"og:type\" content=\"article\" \/>\r\n<meta property=\"og:title\" content=\"Servizi per brand food &amp; beverage - Paola Uberti - Creativa Digitale Food\" \/>\r\n<meta property=\"og:description\" content=\"Servizi professionali per brand food: content creation, ricettari digitali, social media, packaging, visual identity e progetti editoriali. Torino.\" \/>\r\n<meta property=\"og:url\" content=\"https:\/\/www.paolauberti.com\/index.php\/servizi-per-brand-food-beverage-paola-uberti-creative-food-designer\/\" \/>\r\n<meta property=\"og:site_name\" content=\"Paola Uberti - Creativa Digitale Food\" \/>\r\n<meta property=\"article:publisher\" content=\"https:\/\/www.facebook.com\/slelly\" \/>\r\n<meta name=\"twitter:card\" content=\"summary_large_image\" \/>\r\n<meta name=\"twitter:label1\" content=\"Tempo di lettura stimato\" \/>\n\t<meta name=\"twitter:data1\" content=\"2 minuti\" \/>\r\n<script type=\"application\/ld+json\" class=\"yoast-schema-graph\">{\"@context\":\"https:\/\/schema.org\",\"@graph\":[{\"@type\":\"WebPage\",\"@id\":\"https:\/\/www.paolauberti.com\/index.php\/servizi-per-brand-food-beverage-paola-uberti-creative-food-designer\/\",\"url\":\"https:\/\/www.paolauberti.com\/index.php\/servizi-per-brand-food-beverage-paola-uberti-creative-food-designer\/\",\"name\":\"Servizi per brand food & beverage - Paola Uberti - Creativa Digitale Food\",\"isPartOf\":{\"@id\":\"https:\/\/www.paolauberti.com\/#website\"},\"datePublished\":\"2025-11-27T17:33:04+00:00\",\"description\":\"Servizi professionali per brand food: content creation, ricettari digitali, social media, packaging, visual identity e progetti editoriali. Torino.\",\"breadcrumb\":{\"@id\":\"https:\/\/www.paolauberti.com\/index.php\/servizi-per-brand-food-beverage-paola-uberti-creative-food-designer\/#breadcrumb\"},\"inLanguage\":\"it-IT\",\"potentialAction\":[{\"@type\":\"ReadAction\",\"target\":[\"https:\/\/www.paolauberti.com\/index.php\/servizi-per-brand-food-beverage-paola-uberti-creative-food-designer\/\"]}]},{\"@type\":\"BreadcrumbList\",\"@id\":\"https:\/\/www.paolauberti.com\/index.php\/servizi-per-brand-food-beverage-paola-uberti-creative-food-designer\/#breadcrumb\",\"itemListElement\":[{\"@type\":\"ListItem\",\"position\":1,\"name\":\"Home\",\"item\":\"https:\/\/www.paolauberti.com\/\"},{\"@type\":\"ListItem\",\"position\":2,\"name\":\"Servizi per brand food &#038; beverage\"}]},{\"@type\":\"WebSite\",\"@id\":\"https:\/\/www.paolauberti.com\/#website\",\"url\":\"https:\/\/www.paolauberti.com\/\",\"name\":\"Paola Uberti - Creativa Digitale Food\",\"description\":\"\",\"publisher\":{\"@id\":\"https:\/\/www.paolauberti.com\/#\/schema\/person\/08d2b6091b04cfdbc6125dd26b70a2ea\"},\"potentialAction\":[{\"@type\":\"SearchAction\",\"target\":{\"@type\":\"EntryPoint\",\"urlTemplate\":\"https:\/\/www.paolauberti.com\/?s={search_term_string}\"},\"query-input\":{\"@type\":\"PropertyValueSpecification\",\"valueRequired\":true,\"valueName\":\"search_term_string\"}}],\"inLanguage\":\"it-IT\"},{\"@type\":[\"Person\",\"Organization\"],\"@id\":\"https:\/\/www.paolauberti.com\/#\/schema\/person\/08d2b6091b04cfdbc6125dd26b70a2ea\",\"name\":\"admin\",\"image\":{\"@type\":\"ImageObject\",\"inLanguage\":\"it-IT\",\"@id\":\"https:\/\/www.paolauberti.com\/#\/schema\/person\/image\/\",\"url\":\"https:\/\/www.paolauberti.com\/wp-content\/uploads\/2022\/06\/Paola-Uberti.png\",\"contentUrl\":\"https:\/\/www.paolauberti.com\/wp-content\/uploads\/2022\/06\/Paola-Uberti.png\",\"width\":200,\"height\":200,\"caption\":\"admin\"},\"logo\":{\"@id\":\"https:\/\/www.paolauberti.com\/#\/schema\/person\/image\/\"},\"description\":\"Mi chiamo Paola Uberti, torinese, classe 1975, una laurea all\u2019Accademia delle Belle Arti e un passato professionale nel settore delle energie rinnovabili. In campo enogastronomico ha iniziato come food blogger nel 2011. Nel 2016 ha fondato LIBRICETTE.eu, trasformando le esperienze maturate negli anni in un\u2019attivit\u00e0 imprenditoriale in crescita che ha gi\u00e0 lavorato per prestigiosi Clienti. Libricette ha una missione rivolta al pubblico appassionato di cibo e cucina \u2013 poich\u00e9 diffonde contenuti culturali legati all\u2019enogastronomia \u2013 e un core business dedicato alle aziende produttrici, alle Associazioni e i Consorzi di Tutela. Lavoro per le aziende del settore cibo e bevande come comunicatrice gastronomica, autrice di ricettari che fondono cultura e cucina, brand ambassador, social media creator e manager, creatrice di progetti di comunicazione e graphic designer.\",\"sameAs\":[\"https:\/\/www.paolauberti.com\",\"https:\/\/www.facebook.com\/slelly\",\"https:\/\/www.instagram.com\/paola.uberti.cucina\/\",\"https:\/\/www.linkedin.com\/in\/paola-uberti-1569221a1\/\"]}]}<\/script>\r\n<!-- \/ Yoast SEO plugin. -->","yoast_head_json":{"title":"Servizi per brand food & beverage - Paola Uberti - Creativa Digitale Food","description":"Servizi professionali per brand food: content creation, ricettari digitali, social media, packaging, visual identity e progetti editoriali. Torino.","robots":{"index":"index","follow":"follow","max-snippet":"max-snippet:-1","max-image-preview":"max-image-preview:large","max-video-preview":"max-video-preview:-1"},"canonical":"https:\/\/www.paolauberti.com\/index.php\/servizi-per-brand-food-beverage-paola-uberti-creative-food-designer\/","og_locale":"it_IT","og_type":"article","og_title":"Servizi per brand food & beverage - Paola Uberti - Creativa Digitale Food","og_description":"Servizi professionali per brand food: content creation, ricettari digitali, social media, packaging, visual identity e progetti editoriali. Torino.","og_url":"https:\/\/www.paolauberti.com\/index.php\/servizi-per-brand-food-beverage-paola-uberti-creative-food-designer\/","og_site_name":"Paola Uberti - Creativa Digitale Food","article_publisher":"https:\/\/www.facebook.com\/slelly","twitter_card":"summary_large_image","twitter_misc":{"Tempo di lettura stimato":"2 minuti"},"schema":{"@context":"https:\/\/schema.org","@graph":[{"@type":"WebPage","@id":"https:\/\/www.paolauberti.com\/index.php\/servizi-per-brand-food-beverage-paola-uberti-creative-food-designer\/","url":"https:\/\/www.paolauberti.com\/index.php\/servizi-per-brand-food-beverage-paola-uberti-creative-food-designer\/","name":"Servizi per brand food & beverage - Paola Uberti - Creativa Digitale Food","isPartOf":{"@id":"https:\/\/www.paolauberti.com\/#website"},"datePublished":"2025-11-27T17:33:04+00:00","description":"Servizi professionali per brand food: content creation, ricettari digitali, social media, packaging, visual identity e progetti editoriali. Torino.","breadcrumb":{"@id":"https:\/\/www.paolauberti.com\/index.php\/servizi-per-brand-food-beverage-paola-uberti-creative-food-designer\/#breadcrumb"},"inLanguage":"it-IT","potentialAction":[{"@type":"ReadAction","target":["https:\/\/www.paolauberti.com\/index.php\/servizi-per-brand-food-beverage-paola-uberti-creative-food-designer\/"]}]},{"@type":"BreadcrumbList","@id":"https:\/\/www.paolauberti.com\/index.php\/servizi-per-brand-food-beverage-paola-uberti-creative-food-designer\/#breadcrumb","itemListElement":[{"@type":"ListItem","position":1,"name":"Home","item":"https:\/\/www.paolauberti.com\/"},{"@type":"ListItem","position":2,"name":"Servizi per brand food &#038; beverage"}]},{"@type":"WebSite","@id":"https:\/\/www.paolauberti.com\/#website","url":"https:\/\/www.paolauberti.com\/","name":"Paola Uberti - Creativa Digitale Food","description":"","publisher":{"@id":"https:\/\/www.paolauberti.com\/#\/schema\/person\/08d2b6091b04cfdbc6125dd26b70a2ea"},"potentialAction":[{"@type":"SearchAction","target":{"@type":"EntryPoint","urlTemplate":"https:\/\/www.paolauberti.com\/?s={search_term_string}"},"query-input":{"@type":"PropertyValueSpecification","valueRequired":true,"valueName":"search_term_string"}}],"inLanguage":"it-IT"},{"@type":["Person","Organization"],"@id":"https:\/\/www.paolauberti.com\/#\/schema\/person\/08d2b6091b04cfdbc6125dd26b70a2ea","name":"admin","image":{"@type":"ImageObject","inLanguage":"it-IT","@id":"https:\/\/www.paolauberti.com\/#\/schema\/person\/image\/","url":"https:\/\/www.paolauberti.com\/wp-content\/uploads\/2022\/06\/Paola-Uberti.png","contentUrl":"https:\/\/www.paolauberti.com\/wp-content\/uploads\/2022\/06\/Paola-Uberti.png","width":200,"height":200,"caption":"admin"},"logo":{"@id":"https:\/\/www.paolauberti.com\/#\/schema\/person\/image\/"},"description":"Mi chiamo Paola Uberti, torinese, classe 1975, una laurea all\u2019Accademia delle Belle Arti e un passato professionale nel settore delle energie rinnovabili. In campo enogastronomico ha iniziato come food blogger nel 2011. Nel 2016 ha fondato LIBRICETTE.eu, trasformando le esperienze maturate negli anni in un\u2019attivit\u00e0 imprenditoriale in crescita che ha gi\u00e0 lavorato per prestigiosi Clienti. Libricette ha una missione rivolta al pubblico appassionato di cibo e cucina \u2013 poich\u00e9 diffonde contenuti culturali legati all\u2019enogastronomia \u2013 e un core business dedicato alle aziende produttrici, alle Associazioni e i Consorzi di Tutela. Lavoro per le aziende del settore cibo e bevande come comunicatrice gastronomica, autrice di ricettari che fondono cultura e cucina, brand ambassador, social media creator e manager, creatrice di progetti di comunicazione e graphic designer.","sameAs":["https:\/\/www.paolauberti.com","https:\/\/www.facebook.com\/slelly","https:\/\/www.instagram.com\/paola.uberti.cucina\/","https:\/\/www.linkedin.com\/in\/paola-uberti-1569221a1\/"]}]}},"_links":{"self":[{"href":"https:\/\/www.paolauberti.com\/index.php\/wp-json\/wp\/v2\/pages\/893","targetHints":{"allow":["GET"]}}],"collection":[{"href":"https:\/\/www.paolauberti.com\/index.php\/wp-json\/wp\/v2\/pages"}],"about":[{"href":"https:\/\/www.paolauberti.com\/index.php\/wp-json\/wp\/v2\/types\/page"}],"author":[{"embeddable":true,"href":"https:\/\/www.paolauberti.com\/index.php\/wp-json\/wp\/v2\/users\/1"}],"replies":[{"embeddable":true,"href":"https:\/\/www.paolauberti.com\/index.php\/wp-json\/wp\/v2\/comments?post=893"}],"version-history":[{"count":1,"href":"https:\/\/www.paolauberti.com\/index.php\/wp-json\/wp\/v2\/pages\/893\/revisions"}],"predecessor-version":[{"id":894,"href":"https:\/\/www.paolauberti.com\/index.php\/wp-json\/wp\/v2\/pages\/893\/revisions\/894"}],"wp:attachment":[{"href":"https:\/\/www.paolauberti.com\/index.php\/wp-json\/wp\/v2\/media?parent=893"}],"curies":[{"name":"wp","href":"https:\/\/api.w.org\/{rel}","templated":true}]}}